{"id":6948,"date":"2025-03-13T23:24:40","date_gmt":"2025-03-13T22:24:40","guid":{"rendered":"https:\/\/www.matierecosmique.com\/?page_id=6948"},"modified":"2025-10-08T15:15:50","modified_gmt":"2025-10-08T13:15:50","slug":"themedigestif","status":"publish","type":"page","link":"https:\/\/www.matierecosmique.com\/?page_id=6948","title":{"rendered":"Theme Digestif"},"content":{"rendered":"\t\t<div data-elementor-type=\"wp-page\" data-elementor-id=\"6948\" class=\"elementor elementor-6948\">\n\t\t\t\t<div class=\"elementor-element elementor-element-1055a517 e-con-full e-grid e-con e-parent\" data-id=\"1055a517\" data-element_type=\"container\" data-settings=\"{&quot;jet_parallax_layout_list&quot;:[],&quot;background_background&quot;:&quot;classic&quot;}\">\n\t\t<div class=\"elementor-element elementor-element-3ab17fcb e-flex e-con-boxed e-con e-child\" data-id=\"3ab17fcb\" data-element_type=\"container\" data-settings=\"{&quot;jet_parallax_layout_list&quot;:[]}\">\n\t\t\t\t\t<div class=\"e-con-inner\">\n\t\t\t\t<div class=\"elementor-element elementor-element-1d9964b elementor-widget elementor-widget-heading\" data-id=\"1d9964b\" data-element_type=\"widget\" data-widget_type=\"heading.default\">\n\t\t\t\t<div class=\"elementor-widget-container\">\n\t\t\t\t\t<h2 class=\"elementor-heading-title elementor-size-default\">Th\u00e8mes<br>Digestifs<\/h2>\t\t\t\t<\/div>\n\t\t\t\t<\/div>\n\t\t\t\t<div class=\"elementor-element elementor-element-341d3ec0 raven-marquee-horizontal raven-marquee-direction-left elementor-widget elementor-widget-raven-text-marquee\" data-id=\"341d3ec0\" data-element_type=\"widget\" data-widget_type=\"raven-text-marquee.default\">\n\t\t\t\t<div class=\"elementor-widget-container\">\n\t\t\t\t\t\t\t<div class=\"raven-content-marquee-container\">\n\t\t\t<div class=\"raven-content-marquee\">\n\t\t\t\t<div class=\"raven-marquee-left-gradient-overlay\"><\/div>\t\t\t\t<div class=\"raven-content-marquee-items-wrapper\">\n\t\t\t\t\t\t\t<div class=\"raven-marquee-item elementor-repeater-item-42d71f7 elementor-repeater-item-type-text\" id=\"item_42d71f7\">\n\t\t\t<span class=\"raven-marquee-text-item \">Salut !<\/span>\t\t<\/div>\n\t\t\t\t<div class=\"raven-marquee-item elementor-repeater-item-2c857d7 elementor-repeater-item-type-text\" id=\"item_2c857d7\">\n\t\t\t<span class=\"raven-marquee-text-item \">\u00e7a gaze ?<\/span>\t\t<\/div>\n\t\t\t\t<div class=\"raven-marquee-item elementor-repeater-item-c83524c elementor-repeater-item-type-text\" id=\"item_c83524c\">\n\t\t\t<span class=\"raven-marquee-text-item \">Envie de lire un truc ?<\/span>\t\t<\/div>\n\t\t\t\t<div class=\"raven-marquee-item elementor-repeater-item-5c58b9f elementor-repeater-item-type-text\" id=\"item_5c58b9f\">\n\t\t\t<span class=\"raven-marquee-text-item \">Une petite vid\u00e9o peut \u00eatre ?<\/span>\t\t<\/div>\n\t\t\t\t<div class=\"raven-marquee-item elementor-repeater-item-edca404 elementor-repeater-item-type-text\" id=\"item_edca404\">\n\t\t\t<span class=\"raven-marquee-text-item \">Ou un podcast ?<\/span>\t\t<\/div>\n\t\t\t\t<div class=\"raven-marquee-item elementor-repeater-item-906e792 elementor-repeater-item-type-text\" id=\"item_906e792\">\n\t\t\t<span class=\"raven-marquee-text-item \">C'est ici !<\/span>\t\t<\/div>\n\t\t\t\t\t\t<\/div>\n\t\t\t\t<div class=\"raven-content-marquee-items-wrapper raven-duplicated-content\">\n\t\t\t\t\t\t\t<div class=\"raven-marquee-item elementor-repeater-item-42d71f7 elementor-repeater-item-type-text\" id=\"item_42d71f7\">\n\t\t\t<span class=\"raven-marquee-text-item \">Salut !<\/span>\t\t<\/div>\n\t\t\t\t<div class=\"raven-marquee-item elementor-repeater-item-2c857d7 elementor-repeater-item-type-text\" id=\"item_2c857d7\">\n\t\t\t<span class=\"raven-marquee-text-item \">\u00e7a gaze ?<\/span>\t\t<\/div>\n\t\t\t\t<div class=\"raven-marquee-item elementor-repeater-item-c83524c elementor-repeater-item-type-text\" id=\"item_c83524c\">\n\t\t\t<span class=\"raven-marquee-text-item \">Envie de lire un truc ?<\/span>\t\t<\/div>\n\t\t\t\t<div class=\"raven-marquee-item elementor-repeater-item-5c58b9f elementor-repeater-item-type-text\" id=\"item_5c58b9f\">\n\t\t\t<span class=\"raven-marquee-text-item \">Une petite vid\u00e9o peut \u00eatre ?<\/span>\t\t<\/div>\n\t\t\t\t<div class=\"raven-marquee-item elementor-repeater-item-edca404 elementor-repeater-item-type-text\" id=\"item_edca404\">\n\t\t\t<span class=\"raven-marquee-text-item \">Ou un podcast ?<\/span>\t\t<\/div>\n\t\t\t\t<div class=\"raven-marquee-item elementor-repeater-item-906e792 elementor-repeater-item-type-text\" id=\"item_906e792\">\n\t\t\t<span class=\"raven-marquee-text-item \">C'est ici !<\/span>\t\t<\/div>\n\t\t\t\t\t\t<\/div>\n\t\t\t\t<div class=\"raven-marquee-right-gradient-overlay\"><\/div>\t\t\t<\/div>\n\t\t<\/div>\n\t\t\t\t\t\t<\/div>\n\t\t\t\t<\/div>\n\t\t\t\t<div class=\"elementor-element elementor-element-c6f41d4 elementor-widget elementor-widget-spacer\" data-id=\"c6f41d4\" data-element_type=\"widget\" data-widget_type=\"spacer.default\">\n\t\t\t\t<div class=\"elementor-widget-container\">\n\t\t\t\t\t\t\t<div class=\"elementor-spacer\">\n\t\t\t<div class=\"elementor-spacer-inner\"><\/div>\n\t\t<\/div>\n\t\t\t\t\t\t<\/div>\n\t\t\t\t<\/div>\n\t\t\t\t<div class=\"elementor-element elementor-element-3bde61d0 elementor-widget elementor-widget-text-editor\" data-id=\"3bde61d0\" data-element_type=\"widget\" data-widget_type=\"text-editor.default\">\n\t\t\t\t<div class=\"elementor-widget-container\">\n\t\t\t\t\t\t\t\t\t<p>Bienvenue sur Th\u00e8mes Digestifs, le journal de recherches et d&rsquo;humeurs de Mati\u00e8re Cosmique.<\/p>\t\t\t\t\t\t\t\t<\/div>\n\t\t\t\t<\/div>\n\t\t\t\t\t<\/div>\n\t\t\t\t<\/div>\n\t\t<div class=\"elementor-element elementor-element-30f63516 elementor-hidden-mobile e-flex e-con-boxed e-con e-child\" data-id=\"30f63516\" data-element_type=\"container\" data-settings=\"{&quot;background_background&quot;:&quot;classic&quot;,&quot;jet_parallax_layout_list&quot;:[]}\">\n\t\t\t\t\t<div class=\"e-con-inner\">\n\t\t\t\t\t<\/div>\n\t\t\t\t<\/div>\n\t\t<div class=\"elementor-element elementor-element-1fe9585c e-con-full e-flex e-con e-child\" data-id=\"1fe9585c\" data-element_type=\"container\" data-settings=\"{&quot;jet_parallax_layout_list&quot;:[],&quot;background_background&quot;:&quot;classic&quot;}\">\n\t\t\t\t<\/div>\n\t\t<div class=\"elementor-element elementor-element-3bdc8c6b e-con-full elementor-hidden-mobile e-flex e-con e-child\" data-id=\"3bdc8c6b\" data-element_type=\"container\" data-settings=\"{&quot;jet_parallax_layout_list&quot;:[]}\">\n\t\t\t\t<\/div>\n\t\t<div class=\"elementor-element elementor-element-2a5c9ae8 e-con-full elementor-hidden-mobile e-flex e-con e-child\" data-id=\"2a5c9ae8\" data-element_type=\"container\" data-settings=\"{&quot;jet_parallax_layout_list&quot;:[]}\">\n\t\t\t\t<\/div>\n\t\t<div class=\"elementor-element elementor-element-afa9503 e-flex e-con-boxed e-con e-child\" data-id=\"afa9503\" data-element_type=\"container\" data-settings=\"{&quot;jet_parallax_layout_list&quot;:[],&quot;background_background&quot;:&quot;classic&quot;}\">\n\t\t\t\t\t<div class=\"e-con-inner\">\n\t\t\t\t\t<\/div>\n\t\t\t\t<\/div>\n\t\t<div class=\"elementor-element elementor-element-f2611e6 elementor-hidden-mobile e-flex e-con-boxed e-con e-child\" data-id=\"f2611e6\" data-element_type=\"container\" data-settings=\"{&quot;jet_parallax_layout_list&quot;:[]}\">\n\t\t\t\t\t<div class=\"e-con-inner\">\n\t\t\t\t\t<\/div>\n\t\t\t\t<\/div>\n\t\t<div class=\"elementor-element elementor-element-78a19d9 e-flex e-con-boxed e-con e-child\" data-id=\"78a19d9\" data-element_type=\"container\" data-settings=\"{&quot;jet_parallax_layout_list&quot;:[],&quot;background_background&quot;:&quot;classic&quot;}\">\n\t\t\t\t\t<div class=\"e-con-inner\">\n\t\t\t\t\t<\/div>\n\t\t\t\t<\/div>\n\t\t\t\t<\/div>\n\t\t<div class=\"elementor-element elementor-element-f60d83c e-con-full e-flex e-con e-parent\" data-id=\"f60d83c\" data-element_type=\"container\" data-settings=\"{&quot;background_background&quot;:&quot;classic&quot;,&quot;jet_parallax_layout_list&quot;:[]}\">\n\t\t\t\t<div class=\"elementor-element elementor-element-eba273d elementor-absolute e-transform elementor-widget elementor-widget-image\" data-id=\"eba273d\" data-element_type=\"widget\" data-settings=\"{&quot;_position&quot;:&quot;absolute&quot;,&quot;raven_motion_effects_scrolling&quot;:&quot;yes&quot;,&quot;raven_motion_effects_translateY_fx&quot;:&quot;yes&quot;,&quot;raven_motion_effects_translateY_fx_direction&quot;:&quot;down&quot;,&quot;raven_motion_effects_translateY_fx_viewport&quot;:{&quot;unit&quot;:&quot;%&quot;,&quot;size&quot;:&quot;&quot;,&quot;sizes&quot;:{&quot;start&quot;:0,&quot;end&quot;:37}},&quot;raven_motion_effects_translateX_fx&quot;:&quot;yes&quot;,&quot;raven_motion_effects_translateX_fx_intensity&quot;:{&quot;unit&quot;:&quot;px&quot;,&quot;size&quot;:2.1,&quot;sizes&quot;:[]},&quot;raven_motion_effects_translateX_fx_viewport&quot;:{&quot;unit&quot;:&quot;%&quot;,&quot;size&quot;:&quot;&quot;,&quot;sizes&quot;:{&quot;start&quot;:0,&quot;end&quot;:90}},&quot;raven_motion_effects_rotateZ_fx&quot;:&quot;yes&quot;,&quot;raven_motion_effects_rotateZ_fx_viewport&quot;:{&quot;unit&quot;:&quot;%&quot;,&quot;size&quot;:&quot;&quot;,&quot;sizes&quot;:{&quot;start&quot;:29,&quot;end&quot;:59}},&quot;_transform_rotateZ_effect&quot;:{&quot;unit&quot;:&quot;px&quot;,&quot;size&quot;:-9,&quot;sizes&quot;:[]},&quot;raven_motion_effects_translateY_fx_intensity&quot;:{&quot;unit&quot;:&quot;px&quot;,&quot;size&quot;:4,&quot;sizes&quot;:[]},&quot;raven_motion_effects_rotateZ_fx_intensity&quot;:{&quot;unit&quot;:&quot;px&quot;,&quot;size&quot;:1,&quot;sizes&quot;:[]},&quot;raven_motion_effects_devices&quot;:[&quot;desktop&quot;,&quot;tablet&quot;,&quot;mobile&quot;],&quot;_transform_rotateZ_effect_tablet&quot;:{&quot;unit&quot;:&quot;deg&quot;,&quot;size&quot;:&quot;&quot;,&quot;sizes&quot;:[]},&quot;_transform_rotateZ_effect_mobile&quot;:{&quot;unit&quot;:&quot;deg&quot;,&quot;size&quot;:&quot;&quot;,&quot;sizes&quot;:[]}}\" data-widget_type=\"image.default\">\n\t\t\t\t<div class=\"elementor-widget-container\">\n\t\t\t\t\t\t\t\t\t\t\t\t\t\t\t<img fetchpriority=\"high\" decoding=\"async\" width=\"1024\" height=\"566\" src=\"https:\/\/www.matierecosmique.com\/wp-content\/uploads\/2025\/10\/Ticket_metro-1024x566.png\" class=\"attachment-large size-large wp-image-7147\" alt=\"\" srcset=\"https:\/\/www.matierecosmique.com\/wp-content\/uploads\/2025\/10\/Ticket_metro-1024x566.png 1024w, https:\/\/www.matierecosmique.com\/wp-content\/uploads\/2025\/10\/Ticket_metro-300x166.png 300w, https:\/\/www.matierecosmique.com\/wp-content\/uploads\/2025\/10\/Ticket_metro-768x424.png 768w, https:\/\/www.matierecosmique.com\/wp-content\/uploads\/2025\/10\/Ticket_metro-1536x849.png 1536w, https:\/\/www.matierecosmique.com\/wp-content\/uploads\/2025\/10\/Ticket_metro.png 1544w\" sizes=\"(max-width: 1024px) 100vw, 1024px\" \/>\t\t\t\t\t\t\t\t\t\t\t\t\t\t\t<\/div>\n\t\t\t\t<\/div>\n\t\t\t\t<div class=\"elementor-element elementor-element-6546ee2 elementor-hidden-desktop elementor-hidden-tablet elementor-widget elementor-widget-spacer\" data-id=\"6546ee2\" data-element_type=\"widget\" data-widget_type=\"spacer.default\">\n\t\t\t\t<div class=\"elementor-widget-container\">\n\t\t\t\t\t\t\t<div class=\"elementor-spacer\">\n\t\t\t<div class=\"elementor-spacer-inner\"><\/div>\n\t\t<\/div>\n\t\t\t\t\t\t<\/div>\n\t\t\t\t<\/div>\n\t\t\t\t<div class=\"elementor-element elementor-element-4458af9 elementor-widget elementor-widget-text-editor\" data-id=\"4458af9\" data-element_type=\"widget\" data-settings=\"{&quot;raven_motion_effects_scrolling&quot;:&quot;yes&quot;,&quot;raven_motion_effects_translateY_fx&quot;:&quot;yes&quot;,&quot;raven_motion_effects_translateY_fx_intensity&quot;:{&quot;unit&quot;:&quot;px&quot;,&quot;size&quot;:7,&quot;sizes&quot;:[]},&quot;raven_motion_effects_translateY_fx_viewport&quot;:{&quot;unit&quot;:&quot;%&quot;,&quot;size&quot;:&quot;&quot;,&quot;sizes&quot;:{&quot;start&quot;:0,&quot;end&quot;:100}},&quot;raven_motion_effects_devices&quot;:[&quot;desktop&quot;,&quot;tablet&quot;,&quot;mobile&quot;]}\" data-widget_type=\"text-editor.default\">\n\t\t\t\t<div class=\"elementor-widget-container\">\n\t\t\t\t\t\t\t\t\t<p>Po\u00e9sie du claquement de porte,<br \/>d\u00e9gazages et v\u00e9rins sous pression,<br \/>odeur de cram\u00e9,<br \/>de temps qui court,<br \/>vague d\u2019air froid sous l\u2019\u00e9piderme.<br \/>Crissements de freins, <br \/>amiante et mains baladeuses,<br \/>Tunnels obscurs,<br \/>rames bond\u00e9es,<br \/>du b\u00e9tail qui part \u00e0 l\u2019abattoir.<br \/>Saxophoniste hasardeux ,<br \/>public de bras crois\u00e9s,<br \/>indiff\u00e9rent.<br \/>Le m\u00e9tro,<br \/>fiert\u00e9 capitale des m\u00e9tropoles,<br \/>couloir de la mort pour futur canc\u00e9reux.<br \/>La ville sous terre <br \/>c\u2019est peut \u00eatre \u00e7a l\u2019enfer.<\/p>\t\t\t\t\t\t\t\t<\/div>\n\t\t\t\t<\/div>\n\t\t\t\t<div class=\"elementor-element elementor-element-19609cb elementor-widget elementor-widget-text-editor\" data-id=\"19609cb\" data-element_type=\"widget\" data-widget_type=\"text-editor.default\">\n\t\t\t\t<div class=\"elementor-widget-container\">\n\t\t\t\t\t\t\t\t\t<p>HT \/ Paris \/ 2017<\/p>\t\t\t\t\t\t\t\t<\/div>\n\t\t\t\t<\/div>\n\t\t\t\t<\/div>\n\t\t<div class=\"elementor-element elementor-element-7c3d4c7 e-con-full e-flex e-con e-parent\" data-id=\"7c3d4c7\" data-element_type=\"container\" data-settings=\"{&quot;background_background&quot;:&quot;classic&quot;,&quot;jet_parallax_layout_list&quot;:[]}\">\n\t\t\t\t<div class=\"elementor-element elementor-element-c8768b7 elementor-widget elementor-widget-testimonial\" data-id=\"c8768b7\" data-element_type=\"widget\" data-settings=\"{&quot;raven_motion_effects_scrolling&quot;:&quot;yes&quot;,&quot;raven_motion_effects_blur_fx&quot;:&quot;yes&quot;,&quot;raven_motion_effects_blur_fx_direction&quot;:&quot;out-in-out&quot;,&quot;raven_motion_effects_blur_fx_viewport&quot;:{&quot;unit&quot;:&quot;%&quot;,&quot;size&quot;:&quot;&quot;,&quot;sizes&quot;:{&quot;start&quot;:20,&quot;end&quot;:73}},&quot;raven_motion_effects_blur_fx_intensity&quot;:{&quot;unit&quot;:&quot;px&quot;,&quot;size&quot;:7,&quot;sizes&quot;:[]},&quot;raven_motion_effects_devices&quot;:[&quot;desktop&quot;,&quot;tablet&quot;,&quot;mobile&quot;]}\" data-widget_type=\"testimonial.default\">\n\t\t\t\t<div class=\"elementor-widget-container\">\n\t\t\t\t\t\t\t<div class=\"elementor-testimonial-wrapper\">\n\t\t\t\t\t\t\t<div class=\"elementor-testimonial-content\">\"Il y a 3 millions de logements, euh, vacants\nc'est une dinguerie, donc quand, euh,  aujourd'hui tu sais \u00e7a tu te dis putain, mais si t'as un logement vacant c'est de la non assistance \u00e0 personne en danger en fait !\"<\/div>\n\t\t\t\n\t\t\t\t\t\t<div class=\"elementor-testimonial-meta\">\n\t\t\t\t<div class=\"elementor-testimonial-meta-inner\">\n\t\t\t\t\t\n\t\t\t\t\t\t\t\t\t\t<div class=\"elementor-testimonial-details\">\n\t\t\t\t\t\t\t\t\t\t\t\t\t\t<a class=\"elementor-testimonial-name\" href=\"https:\/\/youtu.be\/mhPCU3hvOBo?si=DO0zzsHFVJweBYaa\">Hugo Le Van<\/a>\n\t\t\t\t\t\t\t\t\t\t\t\t\t\t\t\t\t\t\t\t\t\t<a class=\"elementor-testimonial-job\" href=\"https:\/\/youtu.be\/mhPCU3hvOBo?si=DO0zzsHFVJweBYaa\">Humoriste<\/a>\n\t\t\t\t\t\t\t\t\t\t\t\t\t<\/div>\n\t\t\t\t\t\t\t\t\t<\/div>\n\t\t\t<\/div>\n\t\t\t\t\t<\/div>\n\t\t\t\t\t\t<\/div>\n\t\t\t\t<\/div>\n\t\t\t\t<\/div>\n\t\t<div class=\"elementor-element elementor-element-d2ff8a7 e-con-full e-flex e-con e-parent\" data-id=\"d2ff8a7\" data-element_type=\"container\" data-settings=\"{&quot;background_background&quot;:&quot;classic&quot;,&quot;jet_parallax_layout_list&quot;:[],&quot;raven_motion_effects_scrolling&quot;:&quot;yes&quot;,&quot;raven_motion_effects_scale_fx&quot;:&quot;yes&quot;,&quot;raven_motion_effects_scale_fx_intensity&quot;:{&quot;unit&quot;:&quot;px&quot;,&quot;size&quot;:3,&quot;sizes&quot;:[]},&quot;raven_motion_effects_scale_fx_viewport&quot;:{&quot;unit&quot;:&quot;%&quot;,&quot;size&quot;:&quot;&quot;,&quot;sizes&quot;:{&quot;start&quot;:18,&quot;end&quot;:80}},&quot;raven_motion_effects_scale_fx_direction&quot;:&quot;out-in&quot;,&quot;raven_motion_effects_devices&quot;:[&quot;desktop&quot;,&quot;tablet&quot;,&quot;mobile&quot;]}\">\n\t\t<div class=\"elementor-element elementor-element-b69c9f5 e-flex e-con-boxed e-con e-child\" data-id=\"b69c9f5\" data-element_type=\"container\" data-settings=\"{&quot;jet_parallax_layout_list&quot;:[]}\">\n\t\t\t\t\t<div class=\"e-con-inner\">\n\t\t\t\t<div class=\"elementor-element elementor-element-699d627 elementor-widget elementor-widget-image\" data-id=\"699d627\" data-element_type=\"widget\" data-widget_type=\"image.default\">\n\t\t\t\t<div class=\"elementor-widget-container\">\n\t\t\t\t\t\t\t\t\t\t\t\t\t\t\t<img decoding=\"async\" width=\"1024\" height=\"683\" src=\"https:\/\/www.matierecosmique.com\/wp-content\/uploads\/2025\/10\/MONDE-SANS-MICHEL-1024x683.png\" class=\"attachment-large size-large wp-image-7130\" alt=\"\" srcset=\"https:\/\/www.matierecosmique.com\/wp-content\/uploads\/2025\/10\/MONDE-SANS-MICHEL-1024x683.png 1024w, https:\/\/www.matierecosmique.com\/wp-content\/uploads\/2025\/10\/MONDE-SANS-MICHEL-300x200.png 300w, https:\/\/www.matierecosmique.com\/wp-content\/uploads\/2025\/10\/MONDE-SANS-MICHEL-768x512.png 768w, https:\/\/www.matierecosmique.com\/wp-content\/uploads\/2025\/10\/MONDE-SANS-MICHEL.png 1536w\" sizes=\"(max-width: 1024px) 100vw, 1024px\" \/>\t\t\t\t\t\t\t\t\t\t\t\t\t\t\t<\/div>\n\t\t\t\t<\/div>\n\t\t\t\t<div class=\"elementor-element elementor-element-b7948f7 raven-animated-gradient-yes raven-marquee-horizontal raven-marquee-direction-left elementor-widget elementor-widget-raven-text-marquee\" data-id=\"b7948f7\" data-element_type=\"widget\" data-widget_type=\"raven-text-marquee.default\">\n\t\t\t\t<div class=\"elementor-widget-container\">\n\t\t\t\t\t\t\t<div class=\"raven-content-marquee-container\">\n\t\t\t<div class=\"raven-content-marquee\">\n\t\t\t\t<div class=\"raven-marquee-left-gradient-overlay\"><\/div>\t\t\t\t<div class=\"raven-content-marquee-items-wrapper\">\n\t\t\t\t\t\t\t<div class=\"raven-marquee-item elementor-repeater-item-4cdf162 elementor-repeater-item-type-text\" id=\"item_4cdf162\">\n\t\t\t<span data-color=\"#F6AD1F,#F7496A,#565AD8,#00D48C,#FFFFFF,#F6AD1F,#F7496A\" data-angle=\"90deg\" data-speed=\"3s\" data-animation-name=\"AnimatedGradientBgRight\" data-background-size=\"600% 100%\" class=\"raven-marquee-text-item raven-animated-gradient\">Le monde sans Michel<\/span>\t\t<\/div>\n\t\t\t\t\t\t<\/div>\n\t\t\t\t<div class=\"raven-content-marquee-items-wrapper raven-duplicated-content\">\n\t\t\t\t\t\t\t<div class=\"raven-marquee-item elementor-repeater-item-4cdf162 elementor-repeater-item-type-text\" id=\"item_4cdf162\">\n\t\t\t<span data-color=\"#F6AD1F,#F7496A,#565AD8,#00D48C,#FFFFFF,#F6AD1F,#F7496A\" data-angle=\"90deg\" data-speed=\"3s\" data-animation-name=\"AnimatedGradientBgRight\" data-background-size=\"600% 100%\" class=\"raven-marquee-text-item raven-animated-gradient\">Le monde sans Michel<\/span>\t\t<\/div>\n\t\t\t\t\t\t<\/div>\n\t\t\t\t<div class=\"raven-marquee-right-gradient-overlay\"><\/div>\t\t\t<\/div>\n\t\t<\/div>\n\t\t\t\t\t\t<\/div>\n\t\t\t\t<\/div>\n\t\t\t\t\t<\/div>\n\t\t\t\t<\/div>\n\t\t\t\t<\/div>\n\t\t\t\t<\/div>\n\t\t","protected":false},"excerpt":{"rendered":"<p>Th\u00e8mesDigestifs Salut ! \u00e7a gaze ? Envie de lire un truc ? Une petite vid\u00e9o peut \u00eatre ? Ou un podcast ? C&rsquo;est ici ! Salut ! \u00e7a gaze ? Envie de lire un truc ? Une petite vid\u00e9o peut \u00eatre ? Ou un podcast ? C&rsquo;est ici ! Bienvenue sur Th\u00e8mes Digestifs, le journal [&hellip;]<\/p>\n","protected":false},"author":1,"featured_media":0,"parent":0,"menu_order":0,"comment_status":"closed","ping_status":"closed","template":"elementor_header_footer","meta":{"_acf_changed":false,"footnotes":""},"class_list":["post-6948","page","type-page","status-publish","hentry"],"acf":[],"jetpack_sharing_enabled":true,"_links":{"self":[{"href":"https:\/\/www.matierecosmique.com\/index.php?rest_route=\/wp\/v2\/pages\/6948","targetHints":{"allow":["GET"]}}],"collection":[{"href":"https:\/\/www.matierecosmique.com\/index.php?rest_route=\/wp\/v2\/pages"}],"about":[{"href":"https:\/\/www.matierecosmique.com\/index.php?rest_route=\/wp\/v2\/types\/page"}],"author":[{"embeddable":true,"href":"https:\/\/www.matierecosmique.com\/index.php?rest_route=\/wp\/v2\/users\/1"}],"replies":[{"embeddable":true,"href":"https:\/\/www.matierecosmique.com\/index.php?rest_route=%2Fwp%2Fv2%2Fcomments&post=6948"}],"version-history":[{"count":126,"href":"https:\/\/www.matierecosmique.com\/index.php?rest_route=\/wp\/v2\/pages\/6948\/revisions"}],"predecessor-version":[{"id":7213,"href":"https:\/\/www.matierecosmique.com\/index.php?rest_route=\/wp\/v2\/pages\/6948\/revisions\/7213"}],"wp:attachment":[{"href":"https:\/\/www.matierecosmique.com\/index.php?rest_route=%2Fwp%2Fv2%2Fmedia&parent=6948"}],"curies":[{"name":"wp","href":"https:\/\/api.w.org\/{rel}","templated":true}]}}